{"id":5346,"date":"2025-03-20T12:13:46","date_gmt":"2025-03-20T11:13:46","guid":{"rendered":"https:\/\/jdbat.fr\/?page_id=5346"},"modified":"2025-03-20T18:59:45","modified_gmt":"2025-03-20T17:59:45","slug":"galerie-de-photos","status":"publish","type":"page","link":"https:\/\/jdbat.fr\/index.php\/galerie-de-photos\/","title":{"rendered":"Galerie de photos"},"content":{"rendered":"\t\t<div data-elementor-type=\"wp-page\" data-elementor-id=\"5346\" class=\"elementor elementor-5346\">\n\t\t\t\t\t\t<section class=\"elementor-section elementor-top-section elementor-element elementor-element-54f2582 elementor-section-boxed elementor-section-height-default elementor-section-height-default\" data-id=\"54f2582\" data-element_type=\"section\" data-e-type=\"section\">\n\t\t\t\t\t\t<div class=\"elementor-container elementor-column-gap-default\">\n\t\t\t\t\t<div class=\"elementor-column elementor-col-100 elementor-top-column elementor-element elementor-element-4271e4b\" data-id=\"4271e4b\" data-element_type=\"column\" data-e-type=\"column\">\n\t\t\t<div class=\"elementor-widget-wrap\">\n\t\t\t\t\t\t\t<\/div>\n\t\t<\/div>\n\t\t\t\t\t<\/div>\n\t\t<\/section>\n\t\t\t\t<section class=\"elementor-section elementor-top-section elementor-element elementor-element-a1cbcdb elementor-section-boxed elementor-section-height-default elementor-section-height-default\" data-id=\"a1cbcdb\" data-element_type=\"section\" data-e-type=\"section\" data-settings=\"{&quot;background_background&quot;:&quot;classic&quot;}\">\n\t\t\t\t\t\t\t<div class=\"elementor-background-overlay\"><\/div>\n\t\t\t\t\t\t\t<div class=\"elementor-container elementor-column-gap-default\">\n\t\t\t\t\t<div class=\"elementor-column elementor-col-100 elementor-top-column elementor-element elementor-element-111fd2e\" data-id=\"111fd2e\" data-element_type=\"column\" data-e-type=\"column\">\n\t\t\t<div class=\"elementor-widget-wrap elementor-element-populated\">\n\t\t\t\t\t\t<div class=\"elementor-element elementor-element-c875a5c elementor-widget elementor-widget-heading\" data-id=\"c875a5c\" data-element_type=\"widget\" data-e-type=\"widget\" data-widget_type=\"heading.default\">\n\t\t\t\t<div class=\"elementor-widget-container\">\n\t\t\t\t\t<h2 class=\"elementor-heading-title elementor-size-default\">Galerie photo JD BAT<\/h2>\t\t\t\t<\/div>\n\t\t\t\t<\/div>\n\t\t\t\t\t<\/div>\n\t\t<\/div>\n\t\t\t\t\t<\/div>\n\t\t<\/section>\n\t\t\t\t<section class=\"elementor-section elementor-top-section elementor-element elementor-element-43c441a elementor-section-boxed elementor-section-height-default elementor-section-height-default\" data-id=\"43c441a\" data-element_type=\"section\" data-e-type=\"section\" data-settings=\"{&quot;background_background&quot;:&quot;classic&quot;}\">\n\t\t\t\t\t\t\t<div class=\"elementor-background-overlay\"><\/div>\n\t\t\t\t\t\t\t<div class=\"elementor-container elementor-column-gap-default\">\n\t\t\t\t\t<div class=\"elementor-column elementor-col-50 elementor-top-column elementor-element elementor-element-71ee4af\" data-id=\"71ee4af\" data-element_type=\"column\" data-e-type=\"column\">\n\t\t\t<div class=\"elementor-widget-wrap elementor-element-populated\">\n\t\t\t\t\t\t<div class=\"elementor-element elementor-element-5f392ad elementor-widget elementor-widget-elementskit-image-comparison\" data-id=\"5f392ad\" data-element_type=\"widget\" data-e-type=\"widget\" data-widget_type=\"elementskit-image-comparison.default\">\n\t\t\t\t<div class=\"elementor-widget-container\">\n\t\t\t\t\t<div class=\"ekit-wid-con\" >\n\t\t<div class=\"elementskit-image-comparison image-comparison-container-vertical\" data-offset=\"0.5\" data-overlay=\"\" data-label_after=\"Apres\" data-label_before=\"Avant\" data-move_slider_on_hover=\"\" data-click_to_move=\"\">\n\t\t\t<img decoding=\"async\" src=\"https:\/\/jdbat.fr\/wp-content\/uploads\/2025\/03\/e4c72a34-6c8c-483a-82b6-e41040963c8c.webp\" title=\"e4c72a34-6c8c-483a-82b6-e41040963c8c\" alt=\"e4c72a34-6c8c-483a-82b6-e41040963c8c\" loading=\"lazy\" \/><img decoding=\"async\" src=\"https:\/\/jdbat.fr\/wp-content\/uploads\/2025\/03\/1a4f82fe-b084-4b9b-93a2-a149ef6a7e76.webp\" title=\"1a4f82fe-b084-4b9b-93a2-a149ef6a7e76\" alt=\"1a4f82fe-b084-4b9b-93a2-a149ef6a7e76\" loading=\"lazy\" \/>\t\t<\/div>\n\n\t<\/div>\t\t\t\t<\/div>\n\t\t\t\t<\/div>\n\t\t\t\t\t<\/div>\n\t\t<\/div>\n\t\t\t\t<div class=\"elementor-column elementor-col-50 elementor-top-column elementor-element elementor-element-52f6def\" data-id=\"52f6def\" data-element_type=\"column\" data-e-type=\"column\">\n\t\t\t<div class=\"elementor-widget-wrap elementor-element-populated\">\n\t\t\t\t\t\t<div class=\"elementor-element elementor-element-3f448c6 elementor-widget elementor-widget-heading\" data-id=\"3f448c6\" data-element_type=\"widget\" data-e-type=\"widget\" data-widget_type=\"heading.default\">\n\t\t\t\t<div class=\"elementor-widget-container\">\n\t\t\t\t\t<h2 class=\"elementor-heading-title elementor-size-default\">\ud83c\udf3f Transformation d'un espace ext\u00e9rieur avec terrassement et pose de pav\u00e9s \ud83c\udfe1<\/h2>\t\t\t\t<\/div>\n\t\t\t\t<\/div>\n\t\t\t\t<div class=\"elementor-element elementor-element-713bb03 elementor-widget elementor-widget-text-editor\" data-id=\"713bb03\" data-element_type=\"widget\" data-e-type=\"widget\" data-widget_type=\"text-editor.default\">\n\t\t\t\t<div class=\"elementor-widget-container\">\n\t\t\t\t\t\t\t\t\t<p data-start=\"89\" data-end=\"235\"><strong data-start=\"89\" data-end=\"98\">Avant<\/strong> : Un terrain brut entourant une piscine r\u00e9cemment install\u00e9e, n\u00e9cessitant un am\u00e9nagement pour une finition esth\u00e9tique et fonctionnelle.<\/p><p data-start=\"237\" data-end=\"508\"><strong data-start=\"237\" data-end=\"246\">Apr\u00e8s<\/strong> : Un espace compl\u00e8tement m\u00e9tamorphos\u00e9 avec la pose de pav\u00e9s \u00e9l\u00e9gants autour de la piscine, offrant une surface propre, durable et antid\u00e9rapante. Le terrassement soign\u00e9 assure une stabilit\u00e9 parfaite et une int\u00e9gration harmonieuse dans l\u2019environnement paysager.<\/p><p data-start=\"510\" data-end=\"649\"><img decoding=\"async\" class=\"emoji\" role=\"img\" draggable=\"false\" src=\"https:\/\/s.w.org\/images\/core\/emoji\/15.0.3\/svg\/2728.svg\" alt=\"\u2728\" \/> <strong data-start=\"512\" data-end=\"524\">R\u00e9sultat<\/strong> : Une piscine sublim\u00e9e par un sol en pierre, alliant confort et esth\u00e9tisme pour des moments de d\u00e9tente en toute s\u00e9r\u00e9nit\u00e9 !<\/p><p data-start=\"651\" data-end=\"779\" data-is-last-node=\"\" data-is-only-node=\"\"><img decoding=\"async\" class=\"emoji\" role=\"img\" draggable=\"false\" src=\"https:\/\/s.w.org\/images\/core\/emoji\/15.0.3\/svg\/1f4cd.svg\" alt=\"\ud83d\udccd\" \/> <strong data-start=\"654\" data-end=\"693\">Besoin d\u2019un am\u00e9nagement similaire ?\u00a0<\/strong> JD BAT r\u00e9alise vos projets de terrassement et d\u2019am\u00e9nagement ext\u00e9rieur sur mesure !<\/p>\t\t\t\t\t\t\t\t<\/div>\n\t\t\t\t<\/div>\n\t\t\t\t<div class=\"elementor-element elementor-element-6984d84 elementor-align--mobilecenter elementor-align-center elementor-widget elementor-widget-elementskit-button\" data-id=\"6984d84\" data-element_type=\"widget\" data-e-type=\"widget\" data-widget_type=\"elementskit-button.default\">\n\t\t\t\t<div class=\"elementor-widget-container\">\n\t\t\t\t\t<div class=\"ekit-wid-con\" >\t\t<div class=\"ekit-btn-wraper\">\n\t\t\t\t\t\t\t<a href=\"https:\/\/jdbat.fr\/index.php\/demande-de-devis\/\" class=\"elementskit-btn  whitespace--normal\" id=\"\">\n\t\t\t\t\tNous contacter<i class=\"fasicon icon-chevron-right\"><\/i>\t\t\t\t<\/a>\n\t\t\t\t\t<\/div>\n        <\/div>\t\t\t\t<\/div>\n\t\t\t\t<\/div>\n\t\t\t\t\t<\/div>\n\t\t<\/div>\n\t\t\t\t\t<\/div>\n\t\t<\/section>\n\t\t\t\t<section class=\"elementor-section elementor-top-section elementor-element elementor-element-a9d8540 elementor-section-boxed elementor-section-height-default elementor-section-height-default\" data-id=\"a9d8540\" data-element_type=\"section\" data-e-type=\"section\" data-settings=\"{&quot;background_background&quot;:&quot;classic&quot;}\">\n\t\t\t\t\t\t\t<div class=\"elementor-background-overlay\"><\/div>\n\t\t\t\t\t\t\t<div class=\"elementor-container elementor-column-gap-default\">\n\t\t\t\t\t<div class=\"elementor-column elementor-col-100 elementor-top-column elementor-element elementor-element-188cc55\" data-id=\"188cc55\" data-element_type=\"column\" data-e-type=\"column\">\n\t\t\t<div class=\"elementor-widget-wrap elementor-element-populated\">\n\t\t\t\t\t\t<div class=\"elementor-element elementor-element-c14da54 elementor-widget elementor-widget-spacer\" data-id=\"c14da54\" data-element_type=\"widget\" data-e-type=\"widget\" data-widget_type=\"spacer.default\">\n\t\t\t\t<div class=\"elementor-widget-container\">\n\t\t\t\t\t\t\t<div class=\"elementor-spacer\">\n\t\t\t<div class=\"elementor-spacer-inner\"><\/div>\n\t\t<\/div>\n\t\t\t\t\t\t<\/div>\n\t\t\t\t<\/div>\n\t\t\t\t\t<\/div>\n\t\t<\/div>\n\t\t\t\t\t<\/div>\n\t\t<\/section>\n\t\t\t\t<section class=\"elementor-section elementor-top-section elementor-element elementor-element-1133f5c elementor-section-boxed elementor-section-height-default elementor-section-height-default\" data-id=\"1133f5c\" data-element_type=\"section\" data-e-type=\"section\" data-settings=\"{&quot;background_background&quot;:&quot;classic&quot;}\">\n\t\t\t\t\t\t<div class=\"elementor-container elementor-column-gap-default\">\n\t\t\t\t\t<div class=\"elementor-column elementor-col-100 elementor-top-column elementor-element elementor-element-9071bf6\" data-id=\"9071bf6\" data-element_type=\"column\" data-e-type=\"column\">\n\t\t\t<div class=\"elementor-widget-wrap elementor-element-populated\">\n\t\t\t\t\t\t<div class=\"elementor-element elementor-element-8788c60 elementor-widget elementor-widget-heading\" data-id=\"8788c60\" data-element_type=\"widget\" data-e-type=\"widget\" data-widget_type=\"heading.default\">\n\t\t\t\t<div class=\"elementor-widget-container\">\n\t\t\t\t\t<h2 class=\"elementor-heading-title elementor-size-default\">Autre photos<\/h2>\t\t\t\t<\/div>\n\t\t\t\t<\/div>\n\t\t\t\t<div class=\"elementor-element elementor-element-b61b3df elementor-arrows-position-inside elementor-pagination-position-outside elementor-widget elementor-widget-image-carousel\" data-id=\"b61b3df\" data-element_type=\"widget\" data-e-type=\"widget\" data-settings=\"{&quot;navigation&quot;:&quot;both&quot;,&quot;autoplay&quot;:&quot;yes&quot;,&quot;pause_on_hover&quot;:&quot;yes&quot;,&quot;pause_on_interaction&quot;:&quot;yes&quot;,&quot;autoplay_speed&quot;:5000,&quot;infinite&quot;:&quot;yes&quot;,&quot;speed&quot;:500}\" data-widget_type=\"image-carousel.default\">\n\t\t\t\t<div class=\"elementor-widget-container\">\n\t\t\t\t\t\t\t<div class=\"elementor-image-carousel-wrapper swiper\" role=\"region\" aria-roledescription=\"carousel\" aria-label=\"Carrousel d\u2019images\" dir=\"ltr\">\n\t\t\t<div class=\"elementor-image-carousel swiper-wrapper\" aria-live=\"off\">\n\t\t\t\t\t\t\t\t<div class=\"swiper-slide\" role=\"group\" aria-roledescription=\"slide\" aria-label=\"1 sur 11\"><figure class=\"swiper-slide-inner\"><img decoding=\"async\" class=\"swiper-slide-image\" src=\"https:\/\/jdbat.fr\/wp-content\/uploads\/2025\/03\/aa5b5898-9a49-4f0c-876e-eb5be6b806f5-225x300.webp\" alt=\"aa5b5898-9a49-4f0c-876e-eb5be6b806f5\" \/><\/figure><\/div><div class=\"swiper-slide\" role=\"group\" aria-roledescription=\"slide\" aria-label=\"2 sur 11\"><figure class=\"swiper-slide-inner\"><img decoding=\"async\" class=\"swiper-slide-image\" src=\"https:\/\/jdbat.fr\/wp-content\/uploads\/2025\/03\/a6383735-b4cb-4c12-9399-7782d9288bc8-169x300.webp\" alt=\"a6383735-b4cb-4c12-9399-7782d9288bc8\" \/><\/figure><\/div><div class=\"swiper-slide\" role=\"group\" aria-roledescription=\"slide\" aria-label=\"3 sur 11\"><figure class=\"swiper-slide-inner\"><img decoding=\"async\" class=\"swiper-slide-image\" src=\"https:\/\/jdbat.fr\/wp-content\/uploads\/2025\/03\/642f24ab-77e9-4248-a82d-00314f93d08d-225x300.webp\" alt=\"642f24ab-77e9-4248-a82d-00314f93d08d\" \/><\/figure><\/div><div class=\"swiper-slide\" role=\"group\" aria-roledescription=\"slide\" aria-label=\"4 sur 11\"><figure class=\"swiper-slide-inner\"><img decoding=\"async\" class=\"swiper-slide-image\" src=\"https:\/\/jdbat.fr\/wp-content\/uploads\/2025\/03\/373ad15c-41f4-4a70-aae8-7cc797272929-225x300.webp\" alt=\"373ad15c-41f4-4a70-aae8-7cc797272929\" \/><\/figure><\/div><div class=\"swiper-slide\" role=\"group\" aria-roledescription=\"slide\" aria-label=\"5 sur 11\"><figure class=\"swiper-slide-inner\"><img decoding=\"async\" class=\"swiper-slide-image\" src=\"https:\/\/jdbat.fr\/wp-content\/uploads\/2025\/03\/354d13b8-b01f-4d65-8673-485e03c3187a-225x300.webp\" alt=\"354d13b8-b01f-4d65-8673-485e03c3187a\" \/><\/figure><\/div><div class=\"swiper-slide\" role=\"group\" aria-roledescription=\"slide\" aria-label=\"6 sur 11\"><figure class=\"swiper-slide-inner\"><img decoding=\"async\" class=\"swiper-slide-image\" src=\"https:\/\/jdbat.fr\/wp-content\/uploads\/2025\/03\/328d2933-c265-4432-a2ee-b1a4495179bd-169x300.webp\" alt=\"328d2933-c265-4432-a2ee-b1a4495179bd\" \/><\/figure><\/div><div class=\"swiper-slide\" role=\"group\" aria-roledescription=\"slide\" aria-label=\"7 sur 11\"><figure class=\"swiper-slide-inner\"><img decoding=\"async\" class=\"swiper-slide-image\" src=\"https:\/\/jdbat.fr\/wp-content\/uploads\/2025\/03\/9e9d0d36-8062-45d3-96a7-51247cca6677-225x300.webp\" alt=\"9e9d0d36-8062-45d3-96a7-51247cca6677\" \/><\/figure><\/div><div class=\"swiper-slide\" role=\"group\" aria-roledescription=\"slide\" aria-label=\"8 sur 11\"><figure class=\"swiper-slide-inner\"><img decoding=\"async\" class=\"swiper-slide-image\" src=\"https:\/\/jdbat.fr\/wp-content\/uploads\/2025\/03\/1fd58bcd-5ea8-4f16-b496-6497a68457c0-225x300.webp\" alt=\"1fd58bcd-5ea8-4f16-b496-6497a68457c0\" \/><\/figure><\/div><div class=\"swiper-slide\" role=\"group\" aria-roledescription=\"slide\" aria-label=\"9 sur 11\"><figure class=\"swiper-slide-inner\"><img decoding=\"async\" class=\"swiper-slide-image\" src=\"https:\/\/jdbat.fr\/wp-content\/uploads\/2025\/03\/1f334ba2-d256-49f1-a012-f53785a841d4-300x161.webp\" alt=\"1f334ba2-d256-49f1-a012-f53785a841d4\" \/><\/figure><\/div><div class=\"swiper-slide\" role=\"group\" aria-roledescription=\"slide\" aria-label=\"10 sur 11\"><figure class=\"swiper-slide-inner\"><img decoding=\"async\" class=\"swiper-slide-image\" src=\"https:\/\/jdbat.fr\/wp-content\/uploads\/2025\/03\/1ce4c3b0-61d9-4d3d-9cff-7f57b93682b5-300x161.webp\" alt=\"1ce4c3b0-61d9-4d3d-9cff-7f57b93682b5\" \/><\/figure><\/div><div class=\"swiper-slide\" role=\"group\" aria-roledescription=\"slide\" aria-label=\"11 sur 11\"><figure class=\"swiper-slide-inner\"><img decoding=\"async\" class=\"swiper-slide-image\" src=\"https:\/\/jdbat.fr\/wp-content\/uploads\/2025\/03\/1b3827e2-9db2-4126-aaa9-940b2eb180de-167x300.webp\" alt=\"1b3827e2-9db2-4126-aaa9-940b2eb180de\" \/><\/figure><\/div>\t\t\t<\/div>\n\t\t\t\t\t\t\t\t\t\t\t\t<div class=\"elementor-swiper-button elementor-swiper-button-prev\" role=\"button\" tabindex=\"0\">\n\t\t\t\t\t\t<i aria-hidden=\"true\" class=\"eicon-chevron-left\"><\/i>\t\t\t\t\t<\/div>\n\t\t\t\t\t<div class=\"elementor-swiper-button elementor-swiper-button-next\" role=\"button\" tabindex=\"0\">\n\t\t\t\t\t\t<i aria-hidden=\"true\" class=\"eicon-chevron-right\"><\/i>\t\t\t\t\t<\/div>\n\t\t\t\t\n\t\t\t\t\t\t\t\t\t<div class=\"swiper-pagination\"><\/div>\n\t\t\t\t\t\t\t\t\t<\/div>\n\t\t\t\t\t\t<\/div>\n\t\t\t\t<\/div>\n\t\t\t\t\t<\/div>\n\t\t<\/div>\n\t\t\t\t\t<\/div>\n\t\t<\/section>\n\t\t\t\t<\/div>\n\t\t","protected":false},"excerpt":{"rendered":"<p>Galerie photo JD BAT \ud83c\udf3f Transformation d&rsquo;un espace ext\u00e9rieur avec terrassement et pose de pav\u00e9s \ud83c\udfe1 Avant : Un terrain brut entourant une piscine r\u00e9cemment install\u00e9e, n\u00e9cessitant un am\u00e9nagement pour une finition esth\u00e9tique et fonctionnelle. Apr\u00e8s : Un espace compl\u00e8tement m\u00e9tamorphos\u00e9 avec la pose de pav\u00e9s \u00e9l\u00e9gants autour de la piscine, offrant une surface propre, [&hellip;]<\/p>\n","protected":false},"author":1,"featured_media":0,"parent":0,"menu_order":0,"comment_status":"closed","ping_status":"closed","template":"","meta":{"footnotes":""},"class_list":["post-5346","page","type-page","status-publish","hentry","entry"],"yoast_head":"<!-- This site is optimized with the Yoast SEO Premium plugin v24.7 (Yoast SEO v24.7) - https:\/\/yoast.com\/wordpress\/plugins\/seo\/ -->\n<title>Galerie de photos &#8211; JD Bat<\/title>\n<meta name=\"robots\" content=\"index, follow, max-snippet:-1, max-image-preview:large, max-video-preview:-1\" \/>\n<link rel=\"canonical\" href=\"https:\/\/jdbat.fr\/index.php\/galerie-de-photos\/\" \/>\n<meta property=\"og:locale\" content=\"fr_FR\" \/>\n<meta property=\"og:type\" content=\"article\" \/>\n<meta property=\"og:title\" content=\"Galerie de photos\" \/>\n<meta property=\"og:description\" content=\"Galerie photo JD BAT \ud83c\udf3f Transformation d&rsquo;un espace ext\u00e9rieur avec terrassement et pose de pav\u00e9s \ud83c\udfe1 Avant : Un terrain brut entourant une piscine r\u00e9cemment install\u00e9e, n\u00e9cessitant un am\u00e9nagement pour une finition esth\u00e9tique et fonctionnelle. Apr\u00e8s : Un espace compl\u00e8tement m\u00e9tamorphos\u00e9 avec la pose de pav\u00e9s \u00e9l\u00e9gants autour de la piscine, offrant une surface propre, [&hellip;]\" \/>\n<meta property=\"og:url\" content=\"https:\/\/jdbat.fr\/index.php\/galerie-de-photos\/\" \/>\n<meta property=\"og:site_name\" content=\"JD Bat\" \/>\n<meta property=\"article:modified_time\" content=\"2025-03-20T17:59:45+00:00\" \/>\n<meta property=\"og:image\" content=\"https:\/\/jdbat.fr\/wp-content\/uploads\/2025\/03\/e4c72a34-6c8c-483a-82b6-e41040963c8c.webp\" \/>\n<meta name=\"twitter:card\" content=\"summary_large_image\" \/>\n<meta name=\"twitter:label1\" content=\"Dur\u00e9e de lecture estim\u00e9e\" \/>\n\t<meta name=\"twitter:data1\" content=\"6 minutes\" \/>\n<script type=\"application\/ld+json\" class=\"yoast-schema-graph\">{\"@context\":\"https:\/\/schema.org\",\"@graph\":[{\"@type\":\"WebPage\",\"@id\":\"https:\/\/jdbat.fr\/index.php\/galerie-de-photos\/\",\"url\":\"https:\/\/jdbat.fr\/index.php\/galerie-de-photos\/\",\"name\":\"Galerie de photos &#8211; JD Bat\",\"isPartOf\":{\"@id\":\"https:\/\/www.jdbat.fr\/#website\"},\"primaryImageOfPage\":{\"@id\":\"https:\/\/jdbat.fr\/index.php\/galerie-de-photos\/#primaryimage\"},\"image\":{\"@id\":\"https:\/\/jdbat.fr\/index.php\/galerie-de-photos\/#primaryimage\"},\"thumbnailUrl\":\"https:\/\/jdbat.fr\/wp-content\/uploads\/2025\/03\/e4c72a34-6c8c-483a-82b6-e41040963c8c.webp\",\"datePublished\":\"2025-03-20T11:13:46+00:00\",\"dateModified\":\"2025-03-20T17:59:45+00:00\",\"breadcrumb\":{\"@id\":\"https:\/\/jdbat.fr\/index.php\/galerie-de-photos\/#breadcrumb\"},\"inLanguage\":\"fr-FR\",\"potentialAction\":[{\"@type\":\"ReadAction\",\"target\":[\"https:\/\/jdbat.fr\/index.php\/galerie-de-photos\/\"]}]},{\"@type\":\"ImageObject\",\"inLanguage\":\"fr-FR\",\"@id\":\"https:\/\/jdbat.fr\/index.php\/galerie-de-photos\/#primaryimage\",\"url\":\"https:\/\/jdbat.fr\/wp-content\/uploads\/2025\/03\/e4c72a34-6c8c-483a-82b6-e41040963c8c.webp\",\"contentUrl\":\"https:\/\/jdbat.fr\/wp-content\/uploads\/2025\/03\/e4c72a34-6c8c-483a-82b6-e41040963c8c.webp\",\"width\":960,\"height\":720},{\"@type\":\"BreadcrumbList\",\"@id\":\"https:\/\/jdbat.fr\/index.php\/galerie-de-photos\/#breadcrumb\",\"itemListElement\":[{\"@type\":\"ListItem\",\"position\":1,\"name\":\"Accueil\",\"item\":\"https:\/\/www.jdbat.fr\/\"},{\"@type\":\"ListItem\",\"position\":2,\"name\":\"Galerie de photos\"}]},{\"@type\":\"WebSite\",\"@id\":\"https:\/\/www.jdbat.fr\/#website\",\"url\":\"https:\/\/www.jdbat.fr\/\",\"name\":\"JD Bat\",\"description\":\"Vos projets, sans effort.\",\"publisher\":{\"@id\":\"https:\/\/www.jdbat.fr\/#organization\"},\"alternateName\":\"JDBat\",\"potentialAction\":[{\"@type\":\"SearchAction\",\"target\":{\"@type\":\"EntryPoint\",\"urlTemplate\":\"https:\/\/www.jdbat.fr\/?s={search_term_string}\"},\"query-input\":{\"@type\":\"PropertyValueSpecification\",\"valueRequired\":true,\"valueName\":\"search_term_string\"}}],\"inLanguage\":\"fr-FR\"},{\"@type\":\"Organization\",\"@id\":\"https:\/\/www.jdbat.fr\/#organization\",\"name\":\"JD Bat\",\"alternateName\":\"JDBAT\",\"url\":\"https:\/\/www.jdbat.fr\/\",\"logo\":{\"@type\":\"ImageObject\",\"inLanguage\":\"fr-FR\",\"@id\":\"https:\/\/www.jdbat.fr\/#\/schema\/logo\/image\/\",\"url\":\"https:\/\/jdbat.fr\/wp-content\/uploads\/2025\/02\/Capture-removebg-preview.png\",\"contentUrl\":\"https:\/\/jdbat.fr\/wp-content\/uploads\/2025\/02\/Capture-removebg-preview.png\",\"width\":465,\"height\":319,\"caption\":\"JD Bat\"},\"image\":{\"@id\":\"https:\/\/www.jdbat.fr\/#\/schema\/logo\/image\/\"},\"description\":\"Entreprise de batiment en Ile de France\",\"email\":\"jg.jdbat@gmail.com\",\"legalName\":\"JDBAT\",\"publishingPrinciples\":\"https:\/\/www.jdbat.fr\/index.php\/politique-de-cookies-ue\/\",\"correctionsPolicy\":\"https:\/\/www.jdbat.fr\/index.php\/politique-de-cookies-ue\/\",\"ethicsPolicy\":\"https:\/\/www.jdbat.fr\/index.php\/conditions-generales\/\",\"diversityPolicy\":\"https:\/\/www.jdbat.fr\/index.php\/politique-de-cookies-ue\/\"}]}<\/script>\n<!-- \/ Yoast SEO Premium plugin. -->","yoast_head_json":{"title":"Galerie de photos &#8211; JD Bat","robots":{"index":"index","follow":"follow","max-snippet":"max-snippet:-1","max-image-preview":"max-image-preview:large","max-video-preview":"max-video-preview:-1"},"canonical":"https:\/\/jdbat.fr\/index.php\/galerie-de-photos\/","og_locale":"fr_FR","og_type":"article","og_title":"Galerie de photos","og_description":"Galerie photo JD BAT \ud83c\udf3f Transformation d&rsquo;un espace ext\u00e9rieur avec terrassement et pose de pav\u00e9s \ud83c\udfe1 Avant : Un terrain brut entourant une piscine r\u00e9cemment install\u00e9e, n\u00e9cessitant un am\u00e9nagement pour une finition esth\u00e9tique et fonctionnelle. Apr\u00e8s : Un espace compl\u00e8tement m\u00e9tamorphos\u00e9 avec la pose de pav\u00e9s \u00e9l\u00e9gants autour de la piscine, offrant une surface propre, [&hellip;]","og_url":"https:\/\/jdbat.fr\/index.php\/galerie-de-photos\/","og_site_name":"JD Bat","article_modified_time":"2025-03-20T17:59:45+00:00","og_image":[{"url":"https:\/\/jdbat.fr\/wp-content\/uploads\/2025\/03\/e4c72a34-6c8c-483a-82b6-e41040963c8c.webp","type":"","width":"","height":""}],"twitter_card":"summary_large_image","twitter_misc":{"Dur\u00e9e de lecture estim\u00e9e":"6 minutes"},"schema":{"@context":"https:\/\/schema.org","@graph":[{"@type":"WebPage","@id":"https:\/\/jdbat.fr\/index.php\/galerie-de-photos\/","url":"https:\/\/jdbat.fr\/index.php\/galerie-de-photos\/","name":"Galerie de photos &#8211; JD Bat","isPartOf":{"@id":"https:\/\/www.jdbat.fr\/#website"},"primaryImageOfPage":{"@id":"https:\/\/jdbat.fr\/index.php\/galerie-de-photos\/#primaryimage"},"image":{"@id":"https:\/\/jdbat.fr\/index.php\/galerie-de-photos\/#primaryimage"},"thumbnailUrl":"https:\/\/jdbat.fr\/wp-content\/uploads\/2025\/03\/e4c72a34-6c8c-483a-82b6-e41040963c8c.webp","datePublished":"2025-03-20T11:13:46+00:00","dateModified":"2025-03-20T17:59:45+00:00","breadcrumb":{"@id":"https:\/\/jdbat.fr\/index.php\/galerie-de-photos\/#breadcrumb"},"inLanguage":"fr-FR","potentialAction":[{"@type":"ReadAction","target":["https:\/\/jdbat.fr\/index.php\/galerie-de-photos\/"]}]},{"@type":"ImageObject","inLanguage":"fr-FR","@id":"https:\/\/jdbat.fr\/index.php\/galerie-de-photos\/#primaryimage","url":"https:\/\/jdbat.fr\/wp-content\/uploads\/2025\/03\/e4c72a34-6c8c-483a-82b6-e41040963c8c.webp","contentUrl":"https:\/\/jdbat.fr\/wp-content\/uploads\/2025\/03\/e4c72a34-6c8c-483a-82b6-e41040963c8c.webp","width":960,"height":720},{"@type":"BreadcrumbList","@id":"https:\/\/jdbat.fr\/index.php\/galerie-de-photos\/#breadcrumb","itemListElement":[{"@type":"ListItem","position":1,"name":"Accueil","item":"https:\/\/www.jdbat.fr\/"},{"@type":"ListItem","position":2,"name":"Galerie de photos"}]},{"@type":"WebSite","@id":"https:\/\/www.jdbat.fr\/#website","url":"https:\/\/www.jdbat.fr\/","name":"JD Bat","description":"Vos projets, sans effort.","publisher":{"@id":"https:\/\/www.jdbat.fr\/#organization"},"alternateName":"JDBat","potentialAction":[{"@type":"SearchAction","target":{"@type":"EntryPoint","urlTemplate":"https:\/\/www.jdbat.fr\/?s={search_term_string}"},"query-input":{"@type":"PropertyValueSpecification","valueRequired":true,"valueName":"search_term_string"}}],"inLanguage":"fr-FR"},{"@type":"Organization","@id":"https:\/\/www.jdbat.fr\/#organization","name":"JD Bat","alternateName":"JDBAT","url":"https:\/\/www.jdbat.fr\/","logo":{"@type":"ImageObject","inLanguage":"fr-FR","@id":"https:\/\/www.jdbat.fr\/#\/schema\/logo\/image\/","url":"https:\/\/jdbat.fr\/wp-content\/uploads\/2025\/02\/Capture-removebg-preview.png","contentUrl":"https:\/\/jdbat.fr\/wp-content\/uploads\/2025\/02\/Capture-removebg-preview.png","width":465,"height":319,"caption":"JD Bat"},"image":{"@id":"https:\/\/www.jdbat.fr\/#\/schema\/logo\/image\/"},"description":"Entreprise de batiment en Ile de France","email":"jg.jdbat@gmail.com","legalName":"JDBAT","publishingPrinciples":"https:\/\/www.jdbat.fr\/index.php\/politique-de-cookies-ue\/","correctionsPolicy":"https:\/\/www.jdbat.fr\/index.php\/politique-de-cookies-ue\/","ethicsPolicy":"https:\/\/www.jdbat.fr\/index.php\/conditions-generales\/","diversityPolicy":"https:\/\/www.jdbat.fr\/index.php\/politique-de-cookies-ue\/"}]}},"_links":{"self":[{"href":"https:\/\/jdbat.fr\/index.php\/wp-json\/wp\/v2\/pages\/5346","targetHints":{"allow":["GET"]}}],"collection":[{"href":"https:\/\/jdbat.fr\/index.php\/wp-json\/wp\/v2\/pages"}],"about":[{"href":"https:\/\/jdbat.fr\/index.php\/wp-json\/wp\/v2\/types\/page"}],"author":[{"embeddable":true,"href":"https:\/\/jdbat.fr\/index.php\/wp-json\/wp\/v2\/users\/1"}],"replies":[{"embeddable":true,"href":"https:\/\/jdbat.fr\/index.php\/wp-json\/wp\/v2\/comments?post=5346"}],"version-history":[{"count":32,"href":"https:\/\/jdbat.fr\/index.php\/wp-json\/wp\/v2\/pages\/5346\/revisions"}],"predecessor-version":[{"id":5416,"href":"https:\/\/jdbat.fr\/index.php\/wp-json\/wp\/v2\/pages\/5346\/revisions\/5416"}],"wp:attachment":[{"href":"https:\/\/jdbat.fr\/index.php\/wp-json\/wp\/v2\/media?parent=5346"}],"curies":[{"name":"wp","href":"https:\/\/api.w.org\/{rel}","templated":true}]}}